{"id":4,"date":"2013-06-09T21:51:29","date_gmt":"2013-06-09T21:51:29","guid":{"rendered":"http:\/\/d2n2.org\/blogs\/Elarpadenoe\/?page_id=4"},"modified":"2024-03-20T21:35:05","modified_gmt":"2024-03-20T21:35:05","slug":"esto-que-es","status":"publish","type":"page","link":"https:\/\/d2n2.org\/blogs\/Elarpadenoe\/esto-que-es\/","title":{"rendered":"\u00bfEsto qu\u00e9 es?"},"content":{"rendered":"<p>El germen m\u00e1s primitivo de d2n2 fue una parroquia, un coro, y much\u00edsimas canciones.<\/p>\n<p>Canciones para misa, para dar gracias, para rezar, para alabar&#8230; Creadas por nosotros, escuchadas en encuentros con otros grupos, encontradas en discos&#8230;<\/p>\n<p>Y viendo el chaparr\u00f3n que est\u00e1 cayendo, hemos entendido que Dios nos pide recopilar el mayor n\u00famero de canciones de cada especie para intentar que sobrevivan hasta que arrecie la tormenta.<\/p>\n<p>Por eso creamos este blog. Para que en \u00e9l se conserven, se puedan escuchar y recordar las canciones, con sus letras y sus acordes, para que vean la tierra y nos hagan disfrutar de la alianza nueva y eterna que Dios hace con nosotros.<\/p>\n<p>Copyright de las canciones:<\/p>\n<p>Desconocemos los autores de las mismas y si tienen actualmente derechos de autor o est\u00e1n descatalogadas. La intenci\u00f3n s\u00f3lo es la de salvarlas del olvido. Si el propietario de alg\u00fan tipo de derechos sobre las mismas quiere que las retiremos del blog, bastar\u00e1 con ponerse en contacto con contacto@d2n2.org.<\/p>\n","protected":false},"excerpt":{"rendered":"<p>El germen m\u00e1s primitivo de d2n2 fue una parroquia, un coro, y much\u00edsimas canciones. Canciones para misa, para dar gracias, [&hellip;]<\/p>\n","protected":false},"author":1,"featured_media":0,"parent":0,"menu_order":0,"comment_status":"open","ping_status":"open","template":"","meta":{"_monsterinsights_skip_tracking":false,"_monsterinsights_sitenote_active":false,"_monsterinsights_sitenote_note":"","_monsterinsights_sitenote_category":0,"site-sidebar-layout":"right-sidebar","site-content-layout":"","ast-site-content-layout":"","site-content-style":"boxed","site-sidebar-style":"boxed","ast-global-header-display":"","ast-banner-title-visibility":"","ast-main-header-display":"","ast-hfb-above-header-display":"","ast-hfb-below-header-display":"","ast-hfb-mobile-header-display":"","site-post-title":"","ast-breadcrumbs-content":"","ast-featured-img":"","footer-sml-layout":"","theme-transparent-header-meta":"","adv-header-id-meta":"","stick-header-meta":"","header-above-stick-meta":"","header-main-stick-meta":"","header-below-stick-meta":"","astra-migrate-meta-layouts":"default","ast-page-background-enabled":"default","ast-page-background-meta":{"desktop":{"background-color":"var(--ast-global-color-4)","background-image":"","background-repeat":"repeat","background-position":"center center","background-size":"auto","background-attachment":"scroll","background-type":"","background-media":"","overlay-type":"","overlay-color":"","overlay-gradient":""},"tablet":{"background-color":"","background-image":"","background-repeat":"repeat","background-position":"center center","background-size":"auto","background-attachment":"scroll","background-type":"","background-media":"","overlay-type":"","overlay-color":"","overlay-gradient":""},"mobile":{"background-color":"","background-image":"","background-repeat":"repeat","background-position":"center center","background-size":"auto","background-attachment":"scroll","background-type":"","background-media":"","overlay-type":"","overlay-color":"","overlay-gradient":""}},"ast-content-background-meta":{"desktop":{"background-color":"var(--ast-global-color-5)","background-image":"","background-repeat":"repeat","background-position":"center center","background-size":"auto","background-attachment":"scroll","background-type":"","background-media":"","overlay-type":"","overlay-color":"","overlay-gradient":""},"tablet":{"background-color":"var(--ast-global-color-5)","background-image":"","background-repeat":"repeat","background-position":"center center","background-size":"auto","background-attachment":"scroll","background-type":"","background-media":"","overlay-type":"","overlay-color":"","overlay-gradient":""},"mobile":{"background-color":"var(--ast-global-color-5)","background-image":"","background-repeat":"repeat","background-position":"center center","background-size":"auto","background-attachment":"scroll","background-type":"","background-media":"","overlay-type":"","overlay-color":"","overlay-gradient":""}},"footnotes":"","_links_to":"","_links_to_target":""},"class_list":["post-4","page","type-page","status-publish","hentry"],"yoast_head":"<!-- This site is optimized with the Yoast SEO plugin v26.9 - https:\/\/yoast.com\/product\/yoast-seo-wordpress\/ -->\n<title>\u00bfEsto qu\u00e9 es? - El arpa de No\u00e9<\/title>\n<meta name=\"description\" content=\"Por eso creamos este blog. Para que en \u00e9l se conserven, se puedan escuchar y recordar las canciones, con sus letras y sus acordes.\" \/>\n<meta name=\"robots\" content=\"index, follow, max-snippet:-1, max-image-preview:large, max-video-preview:-1\" \/>\n<link rel=\"canonical\" href=\"https:\/\/d2n2.org\/blogs\/Elarpadenoe\/esto-que-es\/\" \/>\n<meta property=\"og:locale\" content=\"es_ES\" \/>\n<meta property=\"og:type\" content=\"article\" \/>\n<meta property=\"og:title\" content=\"\u00bfEsto qu\u00e9 es? - El arpa de No\u00e9\" \/>\n<meta property=\"og:description\" content=\"Por eso creamos este blog. Para que en \u00e9l se conserven, se puedan escuchar y recordar las canciones, con sus letras y sus acordes.\" \/>\n<meta property=\"og:url\" content=\"https:\/\/d2n2.org\/blogs\/Elarpadenoe\/esto-que-es\/\" \/>\n<meta property=\"og:site_name\" content=\"El arpa de No\u00e9\" \/>\n<meta property=\"article:modified_time\" content=\"2024-03-20T21:35:05+00:00\" \/>\n<meta name=\"twitter:label1\" content=\"Tiempo de lectura\" \/>\n\t<meta name=\"twitter:data1\" content=\"1 minuto\" \/>\n<script type=\"application\/ld+json\" class=\"yoast-schema-graph\">{\"@context\":\"https:\/\/schema.org\",\"@graph\":[{\"@type\":\"WebPage\",\"@id\":\"https:\/\/d2n2.org\/blogs\/Elarpadenoe\/esto-que-es\/\",\"url\":\"https:\/\/d2n2.org\/blogs\/Elarpadenoe\/esto-que-es\/\",\"name\":\"\u00bfEsto qu\u00e9 es? - El arpa de No\u00e9\",\"isPartOf\":{\"@id\":\"https:\/\/d2n2.org\/blogs\/Elarpadenoe\/#website\"},\"datePublished\":\"2013-06-09T21:51:29+00:00\",\"dateModified\":\"2024-03-20T21:35:05+00:00\",\"description\":\"Por eso creamos este blog. Para que en \u00e9l se conserven, se puedan escuchar y recordar las canciones, con sus letras y sus acordes.\",\"breadcrumb\":{\"@id\":\"https:\/\/d2n2.org\/blogs\/Elarpadenoe\/esto-que-es\/#breadcrumb\"},\"inLanguage\":\"es\",\"potentialAction\":[{\"@type\":\"ReadAction\",\"target\":[\"https:\/\/d2n2.org\/blogs\/Elarpadenoe\/esto-que-es\/\"]}]},{\"@type\":\"BreadcrumbList\",\"@id\":\"https:\/\/d2n2.org\/blogs\/Elarpadenoe\/esto-que-es\/#breadcrumb\",\"itemListElement\":[{\"@type\":\"ListItem\",\"position\":1,\"name\":\"Home\",\"item\":\"https:\/\/d2n2.org\/blogs\/Elarpadenoe\/\"},{\"@type\":\"ListItem\",\"position\":2,\"name\":\"\u00bfEsto qu\u00e9 es?\"}]},{\"@type\":\"WebSite\",\"@id\":\"https:\/\/d2n2.org\/blogs\/Elarpadenoe\/#website\",\"url\":\"https:\/\/d2n2.org\/blogs\/Elarpadenoe\/\",\"name\":\"El arpa de No\u00e9\",\"description\":\"\u00a1Salvemos las canciones!\",\"potentialAction\":[{\"@type\":\"SearchAction\",\"target\":{\"@type\":\"EntryPoint\",\"urlTemplate\":\"https:\/\/d2n2.org\/blogs\/Elarpadenoe\/?s={search_term_string}\"},\"query-input\":{\"@type\":\"PropertyValueSpecification\",\"valueRequired\":true,\"valueName\":\"search_term_string\"}}],\"inLanguage\":\"es\"}]}<\/script>\n<!-- \/ Yoast SEO plugin. -->","yoast_head_json":{"title":"\u00bfEsto qu\u00e9 es? - El arpa de No\u00e9","description":"Por eso creamos este blog. Para que en \u00e9l se conserven, se puedan escuchar y recordar las canciones, con sus letras y sus acordes.","robots":{"index":"index","follow":"follow","max-snippet":"max-snippet:-1","max-image-preview":"max-image-preview:large","max-video-preview":"max-video-preview:-1"},"canonical":"https:\/\/d2n2.org\/blogs\/Elarpadenoe\/esto-que-es\/","og_locale":"es_ES","og_type":"article","og_title":"\u00bfEsto qu\u00e9 es? - El arpa de No\u00e9","og_description":"Por eso creamos este blog. Para que en \u00e9l se conserven, se puedan escuchar y recordar las canciones, con sus letras y sus acordes.","og_url":"https:\/\/d2n2.org\/blogs\/Elarpadenoe\/esto-que-es\/","og_site_name":"El arpa de No\u00e9","article_modified_time":"2024-03-20T21:35:05+00:00","twitter_misc":{"Tiempo de lectura":"1 minuto"},"schema":{"@context":"https:\/\/schema.org","@graph":[{"@type":"WebPage","@id":"https:\/\/d2n2.org\/blogs\/Elarpadenoe\/esto-que-es\/","url":"https:\/\/d2n2.org\/blogs\/Elarpadenoe\/esto-que-es\/","name":"\u00bfEsto qu\u00e9 es? - El arpa de No\u00e9","isPartOf":{"@id":"https:\/\/d2n2.org\/blogs\/Elarpadenoe\/#website"},"datePublished":"2013-06-09T21:51:29+00:00","dateModified":"2024-03-20T21:35:05+00:00","description":"Por eso creamos este blog. Para que en \u00e9l se conserven, se puedan escuchar y recordar las canciones, con sus letras y sus acordes.","breadcrumb":{"@id":"https:\/\/d2n2.org\/blogs\/Elarpadenoe\/esto-que-es\/#breadcrumb"},"inLanguage":"es","potentialAction":[{"@type":"ReadAction","target":["https:\/\/d2n2.org\/blogs\/Elarpadenoe\/esto-que-es\/"]}]},{"@type":"BreadcrumbList","@id":"https:\/\/d2n2.org\/blogs\/Elarpadenoe\/esto-que-es\/#breadcrumb","itemListElement":[{"@type":"ListItem","position":1,"name":"Home","item":"https:\/\/d2n2.org\/blogs\/Elarpadenoe\/"},{"@type":"ListItem","position":2,"name":"\u00bfEsto qu\u00e9 es?"}]},{"@type":"WebSite","@id":"https:\/\/d2n2.org\/blogs\/Elarpadenoe\/#website","url":"https:\/\/d2n2.org\/blogs\/Elarpadenoe\/","name":"El arpa de No\u00e9","description":"\u00a1Salvemos las canciones!","potentialAction":[{"@type":"SearchAction","target":{"@type":"EntryPoint","urlTemplate":"https:\/\/d2n2.org\/blogs\/Elarpadenoe\/?s={search_term_string}"},"query-input":{"@type":"PropertyValueSpecification","valueRequired":true,"valueName":"search_term_string"}}],"inLanguage":"es"}]}},"_links":{"self":[{"href":"https:\/\/d2n2.org\/blogs\/Elarpadenoe\/wp-json\/wp\/v2\/pages\/4","targetHints":{"allow":["GET"]}}],"collection":[{"href":"https:\/\/d2n2.org\/blogs\/Elarpadenoe\/wp-json\/wp\/v2\/pages"}],"about":[{"href":"https:\/\/d2n2.org\/blogs\/Elarpadenoe\/wp-json\/wp\/v2\/types\/page"}],"author":[{"embeddable":true,"href":"https:\/\/d2n2.org\/blogs\/Elarpadenoe\/wp-json\/wp\/v2\/users\/1"}],"replies":[{"embeddable":true,"href":"https:\/\/d2n2.org\/blogs\/Elarpadenoe\/wp-json\/wp\/v2\/comments?post=4"}],"version-history":[{"count":5,"href":"https:\/\/d2n2.org\/blogs\/Elarpadenoe\/wp-json\/wp\/v2\/pages\/4\/revisions"}],"predecessor-version":[{"id":2317,"href":"https:\/\/d2n2.org\/blogs\/Elarpadenoe\/wp-json\/wp\/v2\/pages\/4\/revisions\/2317"}],"wp:attachment":[{"href":"https:\/\/d2n2.org\/blogs\/Elarpadenoe\/wp-json\/wp\/v2\/media?parent=4"}],"curies":[{"name":"wp","href":"https:\/\/api.w.org\/{rel}","templated":true}]}}